{"id":28561,"date":"2022-11-11T10:54:34","date_gmt":"2022-11-11T10:54:34","guid":{"rendered":"https:\/\/petanqueacademy.fr\/basket\/"},"modified":"2025-02-03T03:59:25","modified_gmt":"2025-02-03T03:59:25","slug":"cart","status":"publish","type":"page","link":"https:\/\/petanqueacademy.fr\/en\/cart\/","title":{"rendered":"Cart"},"content":{"rendered":"<style>.elementor-28561 .elementor-element.elementor-element-8ba87a5 > .elementor-container > .elementor-column > .elementor-widget-wrap{align-content:center;align-items:center;}.elementor-28561 .elementor-element.elementor-element-8ba87a5:not(.elementor-motion-effects-element-type-background), .elementor-28561 .elementor-element.elementor-element-8ba87a5 > .elementor-motion-effects-container > .elementor-motion-effects-layer{background-color:transparent;background-image:linear-gradient(90deg, var( --e-global-color-primary ) 0%, var( --e-global-color-secondary ) 100%);}.elementor-28561 .elementor-element.elementor-element-8ba87a5 > .elementor-background-overlay{background-image:url(\"https:\/\/petanqueacademy.fr\/wp-content\/uploads\/2024\/12\/icon-bg-edu1.png\");background-position:bottom center;background-repeat:no-repeat;background-size:cover;opacity:0.5;transition:background 0.3s, border-radius 0.3s, opacity 0.3s;}.elementor-28561 .elementor-element.elementor-element-8ba87a5{transition:background 0.3s, border 0.3s, border-radius 0.3s, box-shadow 0.3s;margin-top:-10%;margin-bottom:0%;padding:300px 0px 110px 0px;}.elementor-28561 .elementor-element.elementor-element-24fb2c01 > .elementor-element-populated >  .elementor-background-overlay{opacity:0.1;}.elementor-28561 .elementor-element.elementor-element-24fb2c01 > .elementor-element-populated{transition:background 0.3s, border 0.3s, border-radius 0.3s, box-shadow 0.3s;margin:0% 0% 0% 0%;--e-column-margin-right:0%;--e-column-margin-left:0%;}.elementor-28561 .elementor-element.elementor-element-24fb2c01 > .elementor-element-populated > .elementor-background-overlay{transition:background 0.3s, border-radius 0.3s, opacity 0.3s;}.elementor-28561 .elementor-element.elementor-element-560b8caf .elementor-heading-title{color:var( --e-global-color-3c2ad25 );}.elementor-28561 .elementor-element.elementor-element-2c1b7974 > .elementor-element-populated >  .elementor-background-overlay{opacity:0.1;}.elementor-28561 .elementor-element.elementor-element-2c1b7974 > .elementor-element-populated{transition:background 0.3s, border 0.3s, border-radius 0.3s, box-shadow 0.3s;margin:0% 0% 0% 0%;--e-column-margin-right:0%;--e-column-margin-left:0%;}.elementor-28561 .elementor-element.elementor-element-2c1b7974 > .elementor-element-populated > .elementor-background-overlay{transition:background 0.3s, border-radius 0.3s, opacity 0.3s;}.elementor-28561 .elementor-element.elementor-element-5350ba82 .elementor-icon-list-items:not(.elementor-inline-items) .elementor-icon-list-item:not(:last-child){padding-block-end:calc(10px\/2);}.elementor-28561 .elementor-element.elementor-element-5350ba82 .elementor-icon-list-items:not(.elementor-inline-items) .elementor-icon-list-item:not(:first-child){margin-block-start:calc(10px\/2);}.elementor-28561 .elementor-element.elementor-element-5350ba82 .elementor-icon-list-items.elementor-inline-items .elementor-icon-list-item{margin-inline:calc(10px\/2);}.elementor-28561 .elementor-element.elementor-element-5350ba82 .elementor-icon-list-items.elementor-inline-items{margin-inline:calc(-10px\/2);}.elementor-28561 .elementor-element.elementor-element-5350ba82 .elementor-icon-list-items.elementor-inline-items .elementor-icon-list-item:after{inset-inline-end:calc(-10px\/2);}.elementor-28561 .elementor-element.elementor-element-5350ba82 .elementor-icon-list-icon i{color:var( --e-global-color-3c2ad25 );transition:color 0.3s;}.elementor-28561 .elementor-element.elementor-element-5350ba82 .elementor-icon-list-icon svg{fill:var( --e-global-color-3c2ad25 );transition:fill 0.3s;}.elementor-28561 .elementor-element.elementor-element-5350ba82{--e-icon-list-icon-size:16px;--icon-vertical-offset:0px;}.elementor-28561 .elementor-element.elementor-element-5350ba82 .elementor-icon-list-item > .elementor-icon-list-text, .elementor-28561 .elementor-element.elementor-element-5350ba82 .elementor-icon-list-item > a{font-family:var( --e-global-typography-text-font-family ), Sans-serif;font-size:var( --e-global-typography-text-font-size );font-weight:var( --e-global-typography-text-font-weight );text-transform:var( --e-global-typography-text-text-transform );line-height:var( --e-global-typography-text-line-height );}.elementor-28561 .elementor-element.elementor-element-5350ba82 .elementor-icon-list-text{color:var( --e-global-color-3c2ad25 );transition:color 0.3s;}.elementor-28561 .elementor-element.elementor-element-5350ba82 > .elementor-widget-container{margin:0px 0px 0px 0px;}.elementor-28561 .elementor-element.elementor-element-5454eab0{padding:110px 0px 110px 0px;}.elementor-28561 .elementor-element.elementor-element-732fbd6c .wc-proceed-to-checkout{--place-order-title-alignment:center;--checkout-button-width:fit-content;}.elementor-28561 .elementor-element.elementor-element-732fbd6c{--update-cart-automatically-display:none;--sections-border-type:none;--sections-border-radius:10px 10px 10px 10px;--sections-padding:30px 30px 30px 30px;--sections-title-color:var( --e-global-color-primary );--links-normal-color:var( --e-global-color-secondary );--links-hover-color:var( --e-global-color-accent );--forms-fields-border-radius:50px 50px 50px 50px;--forms-buttons-normal-text-color:var( --e-global-color-3c2ad25 );--forms-buttons-hover-text-color:var( --e-global-color-3c2ad25 );--forms-buttons-border-radius:50px 50px 50px 50px;--forms-buttons-padding:15px 25px 15px 25px;--forms-buttons-width:auto;--order-summary-color:var( --e-global-color-text );--order-summary-variations-color:var( --e-global-color-text );--product-link-normal-color:var( --e-global-color-secondary );--product-link-hover-color:var( --e-global-color-accent );--order-summary-items-divider-color:var( --e-global-color-e031fba );--order-summary-items-divider-weight:1px;--order-summary-quantity-border-color:var( --e-global-color-8b564f1 );--order-summary-quantity-border-weight:1px;--order-summary-remove-icon-normal-color:var( --e-global-color-secondary );--order-summary-remove-icon-hover-color:var( --e-global-color-accent );--totals-color:var( --e-global-color-text );--totals-divider-color:var( --e-global-color-8b564f1 );--totals-divider-weight:1px;--checkout-button-normal-text-color:var( --e-global-color-3c2ad25 );--checkout-button-hover-text-color:var( --e-global-color-3c2ad25 );--checkout-button-border-radius:50px 50px 50px 50px;--checkout-button-padding:15px 25px 15px 25px;--checkout-button-width:fit-content;}.elementor-28561 .elementor-element.elementor-element-732fbd6c .e-cart-section{box-shadow:0px 0px 30px 0px rgba(0, 0, 0, 0.1);}.elementor-28561 .elementor-element.elementor-element-732fbd6c .cart_totals h2{font-family:var( --e-global-typography-cbcd450-font-family ), Sans-serif;font-size:var( --e-global-typography-cbcd450-font-size );font-weight:var( --e-global-typography-cbcd450-font-weight );text-transform:var( --e-global-typography-cbcd450-text-transform );line-height:var( --e-global-typography-cbcd450-line-height );letter-spacing:var( --e-global-typography-cbcd450-letter-spacing );word-spacing:var( --e-global-typography-cbcd450-word-spacing );}.elementor-28561 .elementor-element.elementor-element-732fbd6c {--sections-descriptions-color:var( --e-global-color-text );}.elementor-28561 .elementor-element.elementor-element-732fbd6c .e-cart-content, .elementor-28561 .elementor-element.elementor-element-732fbd6c .woocommerce-shipping-destination, .elementor-28561 .elementor-element.elementor-element-732fbd6c .shipping-calculator-button{font-family:var( --e-global-typography-text-font-family ), Sans-serif;font-size:var( --e-global-typography-text-font-size );font-weight:var( --e-global-typography-text-font-weight );text-transform:var( --e-global-typography-text-text-transform );line-height:var( --e-global-typography-text-line-height );}.elementor-28561 .elementor-element.elementor-element-732fbd6c .coupon .input-text, .elementor-28561 .elementor-element.elementor-element-732fbd6c .cart-collaterals .input-text, .elementor-28561 .elementor-element.elementor-element-732fbd6c select, .elementor-28561 .elementor-element.elementor-element-732fbd6c .select2-selection--single{font-family:var( --e-global-typography-text-font-family ), Sans-serif;font-size:var( --e-global-typography-text-font-size );font-weight:var( --e-global-typography-text-font-weight );text-transform:var( --e-global-typography-text-text-transform );line-height:var( --e-global-typography-text-line-height );}.elementor-28561 .elementor-element.elementor-element-732fbd6c .shop_table .button{font-family:var( --e-global-typography-accent-font-family ), Sans-serif;font-size:var( --e-global-typography-accent-font-size );font-weight:var( --e-global-typography-accent-font-weight );text-transform:var( --e-global-typography-accent-text-transform );line-height:var( --e-global-typography-accent-line-height );background-color:var( --e-global-color-accent );border-width:0px 0px 0px 0px;}.elementor-28561 .elementor-element.elementor-element-732fbd6c .shop_table .button:hover, .elementor-28561 .elementor-element.elementor-element-732fbd6c .shop_table .button:disabled[disabled]:hover{background-color:var( --e-global-color-9debfa6 );}.elementor-28561 .elementor-element.elementor-element-732fbd6c .woocommerce-cart-form{--order-summary-title-color:var( --e-global-color-primary );}.elementor-28561 .elementor-element.elementor-element-732fbd6c .e-shop-table .cart th, .elementor-28561 .elementor-element.elementor-element-732fbd6c .e-shop-table .cart td:before{font-family:var( --e-global-typography-cbcd450-font-family ), Sans-serif;font-size:var( --e-global-typography-cbcd450-font-size );font-weight:var( --e-global-typography-cbcd450-font-weight );text-transform:var( --e-global-typography-cbcd450-text-transform );line-height:var( --e-global-typography-cbcd450-line-height );letter-spacing:var( --e-global-typography-cbcd450-letter-spacing );word-spacing:var( --e-global-typography-cbcd450-word-spacing );}.elementor-28561 .elementor-element.elementor-element-732fbd6c .cart td span, .elementor-28561 .elementor-element.elementor-element-732fbd6c .cart td, .elementor-28561 .elementor-element.elementor-element-732fbd6c .input-text.qty{font-family:var( --e-global-typography-text-font-family ), Sans-serif;font-size:var( --e-global-typography-text-font-size );font-weight:var( --e-global-typography-text-font-weight );text-transform:var( --e-global-typography-text-text-transform );line-height:var( --e-global-typography-text-line-height );}.elementor-28561 .elementor-element.elementor-element-732fbd6c .product-name .variation{font-family:var( --e-global-typography-text-font-family ), Sans-serif;font-size:var( --e-global-typography-text-font-size );font-weight:var( --e-global-typography-text-font-weight );text-transform:var( --e-global-typography-text-text-transform );line-height:var( --e-global-typography-text-line-height );}.elementor-28561 .elementor-element.elementor-element-732fbd6c .cart_totals .shop_table td:before, .elementor-28561 .elementor-element.elementor-element-732fbd6c .cart_totals .shop_table td .woocommerce-Price-amount{font-family:var( --e-global-typography-3ad3076-font-family ), Sans-serif;font-size:var( --e-global-typography-3ad3076-font-size );font-weight:var( --e-global-typography-3ad3076-font-weight );line-height:var( --e-global-typography-3ad3076-line-height );letter-spacing:var( --e-global-typography-3ad3076-letter-spacing );word-spacing:var( --e-global-typography-3ad3076-word-spacing );}.elementor-28561 .elementor-element.elementor-element-732fbd6c .checkout-button{font-family:var( --e-global-typography-accent-font-family ), Sans-serif;font-size:var( --e-global-typography-accent-font-size );font-weight:var( --e-global-typography-accent-font-weight );text-transform:var( --e-global-typography-accent-text-transform );line-height:var( --e-global-typography-accent-line-height );}.elementor-28561 .elementor-element.elementor-element-732fbd6c .woocommerce .wc-proceed-to-checkout .checkout-button{background-color:var( --e-global-color-accent );}.elementor-28561 .elementor-element.elementor-element-732fbd6c .woocommerce .wc-proceed-to-checkout .checkout-button:hover{background-color:var( --e-global-color-9debfa6 );}@media(max-width:1024px) and (min-width:768px){.elementor-28561 .elementor-element.elementor-element-24fb2c01{width:100%;}.elementor-28561 .elementor-element.elementor-element-2c1b7974{width:100%;}}@media(max-width:1024px){.elementor-28561 .elementor-element.elementor-element-8ba87a5{margin-top:-15%;margin-bottom:0%;padding:230px 0px 110px 0px;}.elementor-28561 .elementor-element.elementor-element-24fb2c01 > .elementor-element-populated{padding:0px 0px 0px 0px;}.elementor-28561 .elementor-element.elementor-element-560b8caf{text-align:center;}.elementor-28561 .elementor-element.elementor-element-5350ba82 .elementor-icon-list-item > .elementor-icon-list-text, .elementor-28561 .elementor-element.elementor-element-5350ba82 .elementor-icon-list-item > a{font-size:var( --e-global-typography-text-font-size );line-height:var( --e-global-typography-text-line-height );}.elementor-28561 .elementor-element.elementor-element-732fbd6c{--sections-padding:20px 20px 20px 20px;}.elementor-28561 .elementor-element.elementor-element-732fbd6c .cart_totals h2{font-size:var( --e-global-typography-cbcd450-font-size );line-height:var( --e-global-typography-cbcd450-line-height );letter-spacing:var( --e-global-typography-cbcd450-letter-spacing );word-spacing:var( --e-global-typography-cbcd450-word-spacing );}.elementor-28561 .elementor-element.elementor-element-732fbd6c .e-cart-content, .elementor-28561 .elementor-element.elementor-element-732fbd6c .woocommerce-shipping-destination, .elementor-28561 .elementor-element.elementor-element-732fbd6c .shipping-calculator-button{font-size:var( --e-global-typography-text-font-size );line-height:var( --e-global-typography-text-line-height );}.elementor-28561 .elementor-element.elementor-element-732fbd6c .coupon .input-text, .elementor-28561 .elementor-element.elementor-element-732fbd6c .cart-collaterals .input-text, .elementor-28561 .elementor-element.elementor-element-732fbd6c select, .elementor-28561 .elementor-element.elementor-element-732fbd6c .select2-selection--single{font-size:var( --e-global-typography-text-font-size );line-height:var( --e-global-typography-text-line-height );}.elementor-28561 .elementor-element.elementor-element-732fbd6c .shop_table .button{font-size:var( --e-global-typography-accent-font-size );line-height:var( --e-global-typography-accent-line-height );}.elementor-28561 .elementor-element.elementor-element-732fbd6c .e-shop-table .cart th, .elementor-28561 .elementor-element.elementor-element-732fbd6c .e-shop-table .cart td:before{font-size:var( --e-global-typography-cbcd450-font-size );line-height:var( --e-global-typography-cbcd450-line-height );letter-spacing:var( --e-global-typography-cbcd450-letter-spacing );word-spacing:var( --e-global-typography-cbcd450-word-spacing );}.elementor-28561 .elementor-element.elementor-element-732fbd6c .cart td span, .elementor-28561 .elementor-element.elementor-element-732fbd6c .cart td, .elementor-28561 .elementor-element.elementor-element-732fbd6c .input-text.qty{font-size:var( --e-global-typography-text-font-size );line-height:var( --e-global-typography-text-line-height );}.elementor-28561 .elementor-element.elementor-element-732fbd6c .product-name .variation{font-size:var( --e-global-typography-text-font-size );line-height:var( --e-global-typography-text-line-height );}.elementor-28561 .elementor-element.elementor-element-732fbd6c .cart_totals .shop_table td:before, .elementor-28561 .elementor-element.elementor-element-732fbd6c .cart_totals .shop_table td .woocommerce-Price-amount{font-size:var( --e-global-typography-3ad3076-font-size );line-height:var( --e-global-typography-3ad3076-line-height );letter-spacing:var( --e-global-typography-3ad3076-letter-spacing );word-spacing:var( --e-global-typography-3ad3076-word-spacing );}.elementor-28561 .elementor-element.elementor-element-732fbd6c .checkout-button{font-size:var( --e-global-typography-accent-font-size );line-height:var( --e-global-typography-accent-line-height );}}@media(max-width:767px){.elementor-28561 .elementor-element.elementor-element-8ba87a5{margin-top:-28%;margin-bottom:0%;padding:200px 0px 110px 0px;}.elementor-28561 .elementor-element.elementor-element-24fb2c01 > .elementor-element-populated{padding:0px 0px 0px 0px;}.elementor-28561 .elementor-element.elementor-element-2c1b7974 > .elementor-element-populated{padding:0px 0px 0px 0px;}.elementor-28561 .elementor-element.elementor-element-5350ba82 .elementor-icon-list-item > .elementor-icon-list-text, .elementor-28561 .elementor-element.elementor-element-5350ba82 .elementor-icon-list-item > a{font-size:var( --e-global-typography-text-font-size );line-height:var( --e-global-typography-text-line-height );}.elementor-28561 .elementor-element.elementor-element-732fbd6c{--sections-padding:15px 15px 15px 15px;}.elementor-28561 .elementor-element.elementor-element-732fbd6c .cart_totals h2{font-size:var( --e-global-typography-cbcd450-font-size );line-height:var( --e-global-typography-cbcd450-line-height );letter-spacing:var( --e-global-typography-cbcd450-letter-spacing );word-spacing:var( --e-global-typography-cbcd450-word-spacing );}.elementor-28561 .elementor-element.elementor-element-732fbd6c .e-cart-content, .elementor-28561 .elementor-element.elementor-element-732fbd6c .woocommerce-shipping-destination, .elementor-28561 .elementor-element.elementor-element-732fbd6c .shipping-calculator-button{font-size:var( --e-global-typography-text-font-size );line-height:var( --e-global-typography-text-line-height );}.elementor-28561 .elementor-element.elementor-element-732fbd6c .coupon .input-text, .elementor-28561 .elementor-element.elementor-element-732fbd6c .cart-collaterals .input-text, .elementor-28561 .elementor-element.elementor-element-732fbd6c select, .elementor-28561 .elementor-element.elementor-element-732fbd6c .select2-selection--single{font-size:var( --e-global-typography-text-font-size );line-height:var( --e-global-typography-text-line-height );}.elementor-28561 .elementor-element.elementor-element-732fbd6c .shop_table .button{font-size:var( --e-global-typography-accent-font-size );line-height:var( --e-global-typography-accent-line-height );}.elementor-28561 .elementor-element.elementor-element-732fbd6c .e-shop-table .cart th, .elementor-28561 .elementor-element.elementor-element-732fbd6c .e-shop-table .cart td:before{font-size:var( --e-global-typography-cbcd450-font-size );line-height:var( --e-global-typography-cbcd450-line-height );letter-spacing:var( --e-global-typography-cbcd450-letter-spacing );word-spacing:var( --e-global-typography-cbcd450-word-spacing );}.elementor-28561 .elementor-element.elementor-element-732fbd6c .cart td span, .elementor-28561 .elementor-element.elementor-element-732fbd6c .cart td, .elementor-28561 .elementor-element.elementor-element-732fbd6c .input-text.qty{font-size:var( --e-global-typography-text-font-size );line-height:var( --e-global-typography-text-line-height );}.elementor-28561 .elementor-element.elementor-element-732fbd6c .product-name .variation{font-size:var( --e-global-typography-text-font-size );line-height:var( --e-global-typography-text-line-height );}.elementor-28561 .elementor-element.elementor-element-732fbd6c .cart_totals .shop_table td:before, .elementor-28561 .elementor-element.elementor-element-732fbd6c .cart_totals .shop_table td .woocommerce-Price-amount{font-size:var( --e-global-typography-3ad3076-font-size );line-height:var( --e-global-typography-3ad3076-line-height );letter-spacing:var( --e-global-typography-3ad3076-letter-spacing );word-spacing:var( --e-global-typography-3ad3076-word-spacing );}.elementor-28561 .elementor-element.elementor-element-732fbd6c .checkout-button{font-size:var( --e-global-typography-accent-font-size );line-height:var( --e-global-typography-accent-line-height );}}<\/style>\t\t<div data-elementor-type=\"wp-page\" data-elementor-id=\"28561\" class=\"elementor elementor-28561 elementor-8\" data-elementor-post-type=\"page\">\n\t\t\t\t\t\t<section class=\"elementor-section elementor-top-section elementor-element elementor-element-8ba87a5 elementor-section-content-middle elementor-section-boxed elementor-section-height-default elementor-section-height-default\" data-id=\"8ba87a5\" data-element_type=\"section\" data-e-type=\"section\" data-settings=\"{&quot;background_background&quot;:&quot;gradient&quot;}\">\n\t\t\t\t\t\t\t<div class=\"elementor-background-overlay\"><\/div>\n\t\t\t\t\t\t\t<div class=\"elementor-container elementor-column-gap-default\">\n\t\t\t\t\t<div class=\"elementor-column elementor-col-50 elementor-top-column elementor-element elementor-element-24fb2c01\" data-id=\"24fb2c01\" data-element_type=\"column\" data-e-type=\"column\" data-settings=\"{&quot;background_background&quot;:&quot;classic&quot;}\">\n\t\t\t<div class=\"elementor-widget-wrap elementor-element-populated\">\n\t\t\t\t\t<div class=\"elementor-background-overlay\"><\/div>\n\t\t\t\t\t\t<div class=\"elementor-element elementor-element-560b8caf elementor-widget elementor-widget-heading\" data-id=\"560b8caf\" data-element_type=\"widget\" data-e-type=\"widget\" data-widget_type=\"heading.default\">\n\t\t\t\t<div class=\"elementor-widget-container\">\n\t\t\t\t\t<h2 class=\"elementor-heading-title elementor-size-default\">Basket<\/h2>\t\t\t\t<\/div>\n\t\t\t\t<\/div>\n\t\t\t\t\t<\/div>\n\t\t<\/div>\n\t\t\t\t<div class=\"elementor-column elementor-col-50 elementor-top-column elementor-element elementor-element-2c1b7974\" data-id=\"2c1b7974\" data-element_type=\"column\" data-e-type=\"column\" data-settings=\"{&quot;background_background&quot;:&quot;classic&quot;}\">\n\t\t\t<div class=\"elementor-widget-wrap elementor-element-populated\">\n\t\t\t\t\t<div class=\"elementor-background-overlay\"><\/div>\n\t\t\t\t\t\t<div class=\"elementor-element elementor-element-5350ba82 elementor-tablet-align-center elementor-icon-list--layout-inline elementor-align-end elementor-mobile-align-center elementor-list-item-link-full_width elementor-widget elementor-widget-icon-list\" data-id=\"5350ba82\" data-element_type=\"widget\" data-e-type=\"widget\" data-widget_type=\"icon-list.default\">\n\t\t\t\t<div class=\"elementor-widget-container\">\n\t\t\t\t\t\t\t<ul class=\"elementor-icon-list-items elementor-inline-items\">\n\t\t\t\t\t\t\t<li class=\"elementor-icon-list-item elementor-inline-item\">\n\t\t\t\t\t\t\t\t\t\t\t<a href=\"https:\/\/petanqueacademy.fr\/en\/\">\n\n\t\t\t\t\t\t\t\t\t\t\t\t<span class=\"elementor-icon-list-icon\">\n\t\t\t\t\t\t\t<i aria-hidden=\"true\" class=\"jki jki-home-solid\"><\/i>\t\t\t\t\t\t<\/span>\n\t\t\t\t\t\t\t\t\t\t<span class=\"elementor-icon-list-text\">Home<\/span>\n\t\t\t\t\t\t\t\t\t\t\t<\/a>\n\t\t\t\t\t\t\t\t\t<\/li>\n\t\t\t\t\t\t\t\t<li class=\"elementor-icon-list-item elementor-inline-item\">\n\t\t\t\t\t\t\t\t\t\t\t<span class=\"elementor-icon-list-icon\">\n\t\t\t\t\t\t\t<i aria-hidden=\"true\" class=\"jki jki-long-arrow-alt-right-solid\"><\/i>\t\t\t\t\t\t<\/span>\n\t\t\t\t\t\t\t\t\t\t<span class=\"elementor-icon-list-text\">Cart<\/span>\n\t\t\t\t\t\t\t\t\t<\/li>\n\t\t\t\t\t\t<\/ul>\n\t\t\t\t\t\t<\/div>\n\t\t\t\t<\/div>\n\t\t\t\t\t<\/div>\n\t\t<\/div>\n\t\t\t\t\t<\/div>\n\t\t<\/section>\n\t\t\t\t<section class=\"elementor-section elementor-top-section elementor-element elementor-element-5454eab0 elementor-section-boxed elementor-section-height-default elementor-section-height-default\" data-id=\"5454eab0\" data-element_type=\"section\" data-e-type=\"section\">\n\t\t\t\t\t\t<div class=\"elementor-container elementor-column-gap-default\">\n\t\t\t\t\t<div class=\"elementor-column elementor-col-100 elementor-top-column elementor-element elementor-element-53aa7146\" data-id=\"53aa7146\" data-element_type=\"column\" data-e-type=\"column\">\n\t\t\t<div class=\"elementor-widget-wrap elementor-element-populated\">\n\t\t\t\t\t\t\t<\/div>\n\t\t<\/div>\n\t\t\t\t\t<\/div>\n\t\t<\/section>\n\t\t\t\t<\/div>\n\t\t","protected":false},"excerpt":{"rendered":"<p>Basket Home Cart Supprimer l\u2019\u00e9l\u00e9ment Miniature Produit Prix Quantit\u00e9 Sous-total &times; 1\/3 Les Fondamentaux&nbsp;&nbsp; &euro;97.00 quantit\u00e9 de 1\/3 Les Fondamentaux&nbsp; &euro;291.00 &times; 2\/3 Gestuelle et Techniques de Lancers&nbsp;&nbsp; &euro;149.00 quantit\u00e9 de 2\/3 Gestuelle et Techniques de Lancers&nbsp; &euro;149.00 Apply coupon TOTAL BASKET Sous-total &euro;440.00 Total &euro;440.00 Proceed to payment &mdash;&nbsp;ou&nbsp;&mdash;<\/p>\n","protected":false},"author":1,"featured_media":0,"parent":0,"menu_order":0,"comment_status":"closed","ping_status":"closed","template":"","meta":{"om_disable_all_campaigns":false,"_monsterinsights_skip_tracking":false,"_monsterinsights_sitenote_active":false,"_monsterinsights_sitenote_note":"","_monsterinsights_sitenote_category":0,"footnotes":""},"class_list":["post-28561","page","type-page","status-publish","hentry"],"_links":{"self":[{"href":"https:\/\/petanqueacademy.fr\/en\/wp-json\/wp\/v2\/pages\/28561","targetHints":{"allow":["GET"]}}],"collection":[{"href":"https:\/\/petanqueacademy.fr\/en\/wp-json\/wp\/v2\/pages"}],"about":[{"href":"https:\/\/petanqueacademy.fr\/en\/wp-json\/wp\/v2\/types\/page"}],"author":[{"embeddable":true,"href":"https:\/\/petanqueacademy.fr\/en\/wp-json\/wp\/v2\/users\/1"}],"replies":[{"embeddable":true,"href":"https:\/\/petanqueacademy.fr\/en\/wp-json\/wp\/v2\/comments?post=28561"}],"version-history":[{"count":1,"href":"https:\/\/petanqueacademy.fr\/en\/wp-json\/wp\/v2\/pages\/28561\/revisions"}],"predecessor-version":[{"id":30860,"href":"https:\/\/petanqueacademy.fr\/en\/wp-json\/wp\/v2\/pages\/28561\/revisions\/30860"}],"wp:attachment":[{"href":"https:\/\/petanqueacademy.fr\/en\/wp-json\/wp\/v2\/media?parent=28561"}],"curies":[{"name":"wp","href":"https:\/\/api.w.org\/{rel}","templated":true}]}}