{"id":30341,"date":"2025-01-26T14:31:00","date_gmt":"2025-01-26T14:31:00","guid":{"rendered":"https:\/\/petanqueacademy.fr\/connection\/"},"modified":"2025-01-29T15:52:47","modified_gmt":"2025-01-29T15:52:47","slug":"connection","status":"publish","type":"page","link":"https:\/\/petanqueacademy.fr\/en\/connection\/","title":{"rendered":"Connection"},"content":{"rendered":"<style>.elementor-30341 .elementor-element.elementor-element-cc00be7{margin-top:80px;margin-bottom:80px;}@media(max-width:767px){.elementor-30341 .elementor-element.elementor-element-cc00be7{margin-top:50px;margin-bottom:50px;}.elementor-30341 .elementor-element.elementor-element-5bc41e9 > .elementor-element-populated{padding:0px 0px 0px 0px;}.elementor-30341 .elementor-element.elementor-element-00bb46c > .elementor-element-populated{padding:0px 0px 0px 0px;}}<\/style>\t\t<div data-elementor-type=\"wp-page\" data-elementor-id=\"30341\" class=\"elementor elementor-30341 elementor-30337\" data-elementor-post-type=\"page\">\n\t\t\t\t\t\t<section class=\"elementor-section elementor-top-section elementor-element elementor-element-cc00be7 elementor-section-boxed elementor-section-height-default elementor-section-height-default\" data-id=\"cc00be7\" data-element_type=\"section\" data-e-type=\"section\">\n\t\t\t\t\t\t<div class=\"elementor-container elementor-column-gap-default\">\n\t\t\t\t\t<div class=\"elementor-column elementor-col-100 elementor-top-column elementor-element elementor-element-5bc41e9\" data-id=\"5bc41e9\" data-element_type=\"column\" data-e-type=\"column\">\n\t\t\t<div class=\"elementor-widget-wrap elementor-element-populated\">\n\t\t\t\t\t\t<section class=\"elementor-section elementor-inner-section elementor-element elementor-element-be68cd1 elementor-section-full_width elementor-section-height-default elementor-section-height-default\" data-id=\"be68cd1\" data-element_type=\"section\" data-e-type=\"section\">\n\t\t\t\t\t\t<div class=\"elementor-container elementor-column-gap-default\">\n\t\t\t\t\t<div class=\"elementor-column elementor-col-100 elementor-inner-column elementor-element elementor-element-00bb46c\" data-id=\"00bb46c\" data-element_type=\"column\" data-e-type=\"column\">\n\t\t\t<div class=\"elementor-widget-wrap\">\n\t\t\t\t\t\t\t<\/div>\n\t\t<\/div>\n\t\t\t\t\t<\/div>\n\t\t<\/section>\n\t\t\t\t\t<\/div>\n\t\t<\/div>\n\t\t\t\t\t<\/div>\n\t\t<\/section>\n\t\t\t\t<\/div>\n\t\t","protected":false},"excerpt":{"rendered":"<p>New customer? Already a customer? Create an account! Vous \u00eates d\u00e9j\u00e0 connect\u00e9\u00b7e Connectez-vous ! Vous \u00eates d\u00e9j\u00e0 connect\u00e9\u00b7e<\/p>\n","protected":false},"author":238,"featured_media":0,"parent":0,"menu_order":0,"comment_status":"closed","ping_status":"closed","template":"","meta":{"om_disable_all_campaigns":false,"_monsterinsights_skip_tracking":false,"_monsterinsights_sitenote_active":false,"_monsterinsights_sitenote_note":"","_monsterinsights_sitenote_category":0,"footnotes":""},"class_list":["post-30341","page","type-page","status-publish","hentry"],"_links":{"self":[{"href":"https:\/\/petanqueacademy.fr\/en\/wp-json\/wp\/v2\/pages\/30341","targetHints":{"allow":["GET"]}}],"collection":[{"href":"https:\/\/petanqueacademy.fr\/en\/wp-json\/wp\/v2\/pages"}],"about":[{"href":"https:\/\/petanqueacademy.fr\/en\/wp-json\/wp\/v2\/types\/page"}],"author":[{"embeddable":true,"href":"https:\/\/petanqueacademy.fr\/en\/wp-json\/wp\/v2\/users\/238"}],"replies":[{"embeddable":true,"href":"https:\/\/petanqueacademy.fr\/en\/wp-json\/wp\/v2\/comments?post=30341"}],"version-history":[{"count":2,"href":"https:\/\/petanqueacademy.fr\/en\/wp-json\/wp\/v2\/pages\/30341\/revisions"}],"predecessor-version":[{"id":30648,"href":"https:\/\/petanqueacademy.fr\/en\/wp-json\/wp\/v2\/pages\/30341\/revisions\/30648"}],"wp:attachment":[{"href":"https:\/\/petanqueacademy.fr\/en\/wp-json\/wp\/v2\/media?parent=30341"}],"curies":[{"name":"wp","href":"https:\/\/api.w.org\/{rel}","templated":true}]}}